{"id":439,"date":"2023-03-29T23:33:10","date_gmt":"2023-03-29T21:33:10","guid":{"rendered":"http:\/\/preorder.mindclashgames.com\/\/impressum\/"},"modified":"2023-05-28T21:32:38","modified_gmt":"2023-05-28T19:32:38","slug":"impressum","status":"publish","type":"page","link":"https:\/\/preorder.mindclashgames.com\/de\/impressum\/","title":{"rendered":"Impressum"},"content":{"rendered":"\n<p><strong>Firmenname:<br\/><\/strong>Mindclash Games GmbH<\/p>\n\n<p><strong>Eingetragene Adresse:<br\/><\/strong>Adlerstra\u00dfe 34<br\/>90403 N\u00fcrnberg<br\/>Deutschland<\/p>\n\n<p><strong>Firmennummer:<br\/><\/strong>Amtsgericht N\u00fcrnberg, HRB 39178<\/p>\n\n<p><strong>E-Mail:<\/strong><br\/><a href=\"mailto:info@mindclashgames.com\">info@mindclashgames.com<\/a><\/p>\n\n<p><strong>Gesch\u00e4ftsf\u00fchrer:<\/strong><br\/>Viktor P\u00e9ter<\/p>\n\n<p><strong>USt-ID-Nr:<\/strong><br\/>241\/132\/51944<\/p>\n\n<p><strong>EU USt-ID-Nr:<\/strong><br\/>DE345212206<\/p>\n\n<p>Link to the platform of the European Commission according to regulation on consumer ODR: <a rel=\"noreferrer noopener\" href=\"http:\/\/ec.europa.eu\/consumers\/odr\" target=\"_blank\">http:\/\/ec.europa.eu\/consumers\/odr<\/a><\/p>\n","protected":false},"excerpt":{"rendered":"<p>Firmenname:Mindclash Games GmbH Eingetragene Adresse:Adlerstra\u00dfe 3490403 N\u00fcrnbergDeutschland Firmennummer:Amtsgericht N\u00fcrnberg, HRB 39178 E-Mail:info@mindclashgames.com Gesch\u00e4ftsf\u00fchrer:Viktor P\u00e9ter USt-ID-Nr:241\/132\/51944 EU USt-ID-Nr:DE345212206 Link to the platform of the European Commission according to regulation on consumer ODR: http:\/\/ec.europa.eu\/consumers\/odr<\/p>\n","protected":false},"author":1,"featured_media":0,"parent":0,"menu_order":0,"comment_status":"closed","ping_status":"closed","template":"","meta":{"footnotes":""},"class_list":["post-439","page","type-page","status-publish","hentry"],"_links":{"self":[{"href":"https:\/\/preorder.mindclashgames.com\/de\/wp-json\/wp\/v2\/pages\/439","targetHints":{"allow":["GET"]}}],"collection":[{"href":"https:\/\/preorder.mindclashgames.com\/de\/wp-json\/wp\/v2\/pages"}],"about":[{"href":"https:\/\/preorder.mindclashgames.com\/de\/wp-json\/wp\/v2\/types\/page"}],"author":[{"embeddable":true,"href":"https:\/\/preorder.mindclashgames.com\/de\/wp-json\/wp\/v2\/users\/1"}],"replies":[{"embeddable":true,"href":"https:\/\/preorder.mindclashgames.com\/de\/wp-json\/wp\/v2\/comments?post=439"}],"version-history":[{"count":0,"href":"https:\/\/preorder.mindclashgames.com\/de\/wp-json\/wp\/v2\/pages\/439\/revisions"}],"wp:attachment":[{"href":"https:\/\/preorder.mindclashgames.com\/de\/wp-json\/wp\/v2\/media?parent=439"}],"curies":[{"name":"wp","href":"https:\/\/api.w.org\/{rel}","templated":true}]}}