{"id":447,"date":"2023-03-29T23:34:12","date_gmt":"2023-03-29T21:34:12","guid":{"rendered":"http:\/\/preorder.mindclashgames.com\/\/haftungsausschluss\/"},"modified":"2023-05-28T21:45:59","modified_gmt":"2023-05-28T19:45:59","slug":"haftungsausschluss","status":"publish","type":"page","link":"https:\/\/preorder.mindclashgames.com\/de\/haftungsausschluss\/","title":{"rendered":"Haftungsausschluss"},"content":{"rendered":"\n<p><em>Zuletzt aktualisiert am 23. Januar 2022<\/em><\/p>\n\n<h2 class=\"wp-block-heading\">WEBSITE-HAFTUNGSAUSSCHLUSS<\/h2>\n\n<p>Die von der Mindclash Games GmbH (&#8222;wir&#8220;, &#8222;uns&#8220; oder &#8222;unser&#8220;) auf <a href=\"https:\/\/eu.mindclashwebshop.com\">https:\/\/eu.mindclashwebshop.com<\/a> (die &#8222;Site&#8220;) zur Verf\u00fcgung gestellten Informationen dienen ausschlie\u00dflich allgemeinen Informationszwecken. Alle Informationen auf der Website werden nach bestem Wissen und Gewissen zur Verf\u00fcgung gestellt, jedoch geben wir keinerlei ausdr\u00fcckliche oder stillschweigende Zusicherungen oder Garantien hinsichtlich der Richtigkeit, Angemessenheit, G\u00fcltigkeit, Zuverl\u00e4ssigkeit, Verf\u00fcgbarkeit oder Vollst\u00e4ndigkeit der Informationen auf der Website. UNTER KEINEN UMST\u00c4NDEN HAFTEN WIR IHNEN GEGEN\u00dcBER F\u00dcR VERLUSTE ODER SCH\u00c4DEN JEGLICHER ART, DIE SICH AUS DER NUTZUNG DER SITE ODER DEM VERTRAUEN AUF DIE AUF DER SITE BEREITGESTELLTEN INFORMATIONEN ERGEBEN. DIE NUTZUNG DER SEITE UND DAS VERTRAUEN AUF DIE INFORMATIONEN DER SEITE ERFOLGT AUSSCHLIESSLICH AUF EIGENES RISIKO.<\/p>\n\n<h2 class=\"wp-block-heading\">HAFTUNGSAUSSCHLUSS F\u00dcR EXTERNE LINKS<\/h2>\n\n<p>Die Website kann Links zu anderen Websites oder Inhalten, die Dritten geh\u00f6ren oder von ihnen stammen, oder Links zu Websites und Funktionen in Bannern oder anderer Werbung enthalten (oder Ihnen \u00fcber die Website zugesandt werden). Solche externen Links werden von uns nicht untersucht, \u00fcberwacht oder auf Richtigkeit, Angemessenheit, G\u00fcltigkeit, Zuverl\u00e4ssigkeit, Verf\u00fcgbarkeit oder Vollst\u00e4ndigkeit gepr\u00fcft. WIR \u00dcBERNEHMEN KEINE GEW\u00c4HRLEISTUNG, UNTERST\u00dcTZUNG, GARANTIE ODER VERANTWORTUNG F\u00dcR DIE RICHTIGKEIT ODER ZUVERL\u00c4SSIGKEIT VON INFORMATIONEN, DIE AUF \u00dcBER DIE WEBSITE VERLINKTEN WEBSITES VON DRITTANBIETERN ANGEBOTEN WERDEN, ODER VON WEBSITES ODER FUNKTIONEN, DIE IN BANNERN ODER SONSTIGER WERBUNG VERLINKT SIND. WIR SIND WEDER PARTEI NOCH IN IRGENDEINER WEISE VERANTWORTLICH F\u00dcR DIE \u00dcBERWACHUNG VON TRANSAKTIONEN ZWISCHEN IHNEN UND DRITTANBIETERN VON PRODUKTEN ODER DIENSTLEISTUNGEN.<\/p>\n","protected":false},"excerpt":{"rendered":"<p>Zuletzt aktualisiert am 23. Januar 2022 WEBSITE-HAFTUNGSAUSSCHLUSS Die von der Mindclash Games GmbH (&#8222;wir&#8220;, &#8222;uns&#8220; oder &#8222;unser&#8220;) auf https:\/\/eu.mindclashwebshop.com (die &#8222;Site&#8220;) zur Verf\u00fcgung gestellten Informationen dienen ausschlie\u00dflich allgemeinen Informationszwecken. Alle Informationen auf der Website werden nach bestem Wissen und Gewissen zur Verf\u00fcgung gestellt, jedoch geben wir keinerlei ausdr\u00fcckliche oder stillschweigende Zusicherungen oder Garantien hinsichtlich der [&hellip;]<\/p>\n","protected":false},"author":1,"featured_media":0,"parent":0,"menu_order":0,"comment_status":"closed","ping_status":"closed","template":"","meta":{"footnotes":""},"class_list":["post-447","page","type-page","status-publish","hentry"],"_links":{"self":[{"href":"https:\/\/preorder.mindclashgames.com\/de\/wp-json\/wp\/v2\/pages\/447","targetHints":{"allow":["GET"]}}],"collection":[{"href":"https:\/\/preorder.mindclashgames.com\/de\/wp-json\/wp\/v2\/pages"}],"about":[{"href":"https:\/\/preorder.mindclashgames.com\/de\/wp-json\/wp\/v2\/types\/page"}],"author":[{"embeddable":true,"href":"https:\/\/preorder.mindclashgames.com\/de\/wp-json\/wp\/v2\/users\/1"}],"replies":[{"embeddable":true,"href":"https:\/\/preorder.mindclashgames.com\/de\/wp-json\/wp\/v2\/comments?post=447"}],"version-history":[{"count":0,"href":"https:\/\/preorder.mindclashgames.com\/de\/wp-json\/wp\/v2\/pages\/447\/revisions"}],"wp:attachment":[{"href":"https:\/\/preorder.mindclashgames.com\/de\/wp-json\/wp\/v2\/media?parent=447"}],"curies":[{"name":"wp","href":"https:\/\/api.w.org\/{rel}","templated":true}]}}