{"id":493,"date":"2023-03-15T02:26:38","date_gmt":"2023-03-15T01:26:38","guid":{"rendered":"http:\/\/preorder.mindclashgames.com\/\/?page_id=493"},"modified":"2025-08-26T11:40:33","modified_gmt":"2025-08-26T09:40:33","slug":"rueckgabepolitik","status":"publish","type":"page","link":"https:\/\/preorder.mindclashgames.com\/de\/rueckgabepolitik\/","title":{"rendered":"R\u00fcckgabe- und Erstattungsrichtlinie"},"content":{"rendered":"\n<p><em>Zuletzt aktualisiert am 23. Januar 2022<\/em><\/p>\n\n\n\n<p>Vielen Dank f\u00fcr Ihren Einkauf! Wenn Sie aus irgendeinem Grund mit Ihrem Kauf nicht zufrieden sind, k\u00f6nnen Sie ihn gegen volle R\u00fcckerstattung oder Umtausch an uns zur\u00fcckgeben. Weitere Informationen zu unserem R\u00fcckgaberecht finden Sie weiter unten.<\/p>\n\n\n\n<h2 class=\"wp-block-heading\">R\u00dcCKGABE<\/h2>\n\n\n\n<p>Sie haben das Recht, Ihre Bestellung innerhalb von 14 Tagen ohne Angabe von Gr\u00fcnden zu widerrufen. Die Frist f\u00fcr die Stornierung einer Bestellung betr\u00e4gt 14 Tage ab dem Tag, an dem Sie die Ware erhalten haben oder an dem ein von Ihnen beauftragter Dritter, der nicht der Spediteur ist, das gelieferte Produkt in Besitz genommen hat.<\/p>\n\n\n\n<h2 class=\"wp-block-heading\">R\u00dcCKGABEVERFAHREN<\/h2>\n\n\n\n<p>Um Ihr Widerrufsrecht auszu\u00fcben, m\u00fcssen Sie uns mittels einer eindeutigen Erkl\u00e4rung \u00fcber Ihre Entscheidung informieren. Sie k\u00f6nnen uns Ihre Entscheidung mitteilen, indem Sie eine E-Mail an unser Kundendienstteam unter <a href=\"mailto:info@mindclashgames.com\">info@mindclashgames.com<\/a> senden. Nachdem Sie sich mit uns in Verbindung gesetzt haben, verpacken Sie den Artikel sicher in der Originalverpackung und schicken Sie ihn an die folgende Adresse zur\u00fcck:<\/p>\n\n\n\n<p>Gr\u00fcne Logistik Poland (Mindclash Games)<br>Attn: Returns<br>ul. \u0141ubi\u0144ska 14<br>\u0141ubna, 05-532<br>Polen<\/p>\n\n\n\n<p>Bitte beachten Sie, dass Sie f\u00fcr alle R\u00fccksendekosten verantwortlich sind. Wir k\u00f6nnen nicht f\u00fcr Waren verantwortlich gemacht werden, die beim R\u00fcckversand besch\u00e4digt werden oder verloren gehen. Daher empfehlen wir einen versicherten und verfolgbaren Postdienst.<\/p>\n\n\n\n<h2 class=\"wp-block-heading\">R\u00dcCKERSTATTUNGEN<\/h2>\n\n\n\n<p>Nachdem wir Ihre R\u00fccksendung erhalten und den Zustand Ihres Artikels gepr\u00fcft haben, bearbeiten wir Ihre R\u00fccksendung oder Ihren Umtausch. Die R\u00fcckerstattung erfolgt innerhalb von 14 Tagen ab dem Tag, an dem wir die zur\u00fcckgesandte Ware erhalten haben. Wir verwenden dasselbe Zahlungsmittel, das Sie f\u00fcr die Bestellung verwendet haben, und es fallen f\u00fcr Sie keine Geb\u00fchren f\u00fcr diese R\u00fcckerstattung an. Wir werden Sie per E-Mail benachrichtigen, wenn Ihre R\u00fccksendung bearbeitet worden ist.<\/p>\n\n\n\n<h2 class=\"wp-block-heading\">AUSNAHMEN<\/h2>\n\n\n\n<p>Bei defekten oder besch\u00e4digten Produkten kontaktieren Sie uns bitte unter den unten angegebenen Kontaktdaten, um eine R\u00fcckerstattung oder einen Umtausch zu vereinbaren. Falls bestimmte Komponenten fehlen oder besch\u00e4digt sind, f\u00fcllen Sie bitte unser Formular Ersatz &amp; Versand aus, und wir werden Ihnen nach M\u00f6glichkeit Ersatzteile zur Verf\u00fcgung stellen.<\/p>\n\n\n\n<h2 class=\"wp-block-heading\">FRAGEN<\/h2>\n\n\n\n<p>Wenn Sie Fragen zu unserem R\u00fcckgaberecht haben, kontaktieren Sie uns bitte unter <a href=\"mailto:info@mindclashgames.com\">info@mindclashgames.com<\/a>.<\/p>\n","protected":false},"excerpt":{"rendered":"<p>Zuletzt aktualisiert am 23. Januar 2022 Vielen Dank f\u00fcr Ihren Einkauf! Wenn Sie aus irgendeinem Grund mit Ihrem Kauf nicht zufrieden sind, k\u00f6nnen Sie ihn gegen volle R\u00fcckerstattung oder Umtausch an uns zur\u00fcckgeben. Weitere Informationen zu unserem R\u00fcckgaberecht finden Sie weiter unten. R\u00dcCKGABE Sie haben das Recht, Ihre Bestellung innerhalb von 14 Tagen ohne Angabe [&hellip;]<\/p>\n","protected":false},"author":1,"featured_media":0,"parent":0,"menu_order":0,"comment_status":"closed","ping_status":"closed","template":"","meta":{"footnotes":""},"class_list":["post-493","page","type-page","status-publish","hentry"],"_links":{"self":[{"href":"https:\/\/preorder.mindclashgames.com\/de\/wp-json\/wp\/v2\/pages\/493","targetHints":{"allow":["GET"]}}],"collection":[{"href":"https:\/\/preorder.mindclashgames.com\/de\/wp-json\/wp\/v2\/pages"}],"about":[{"href":"https:\/\/preorder.mindclashgames.com\/de\/wp-json\/wp\/v2\/types\/page"}],"author":[{"embeddable":true,"href":"https:\/\/preorder.mindclashgames.com\/de\/wp-json\/wp\/v2\/users\/1"}],"replies":[{"embeddable":true,"href":"https:\/\/preorder.mindclashgames.com\/de\/wp-json\/wp\/v2\/comments?post=493"}],"version-history":[{"count":1,"href":"https:\/\/preorder.mindclashgames.com\/de\/wp-json\/wp\/v2\/pages\/493\/revisions"}],"predecessor-version":[{"id":1681,"href":"https:\/\/preorder.mindclashgames.com\/de\/wp-json\/wp\/v2\/pages\/493\/revisions\/1681"}],"wp:attachment":[{"href":"https:\/\/preorder.mindclashgames.com\/de\/wp-json\/wp\/v2\/media?parent=493"}],"curies":[{"name":"wp","href":"https:\/\/api.w.org\/{rel}","templated":true}]}}